{"id":77,"date":"2022-10-06T20:13:40","date_gmt":"2022-10-06T18:13:40","guid":{"rendered":"http:\/\/52.51.82.138\/conditions-generales-dinscription\/"},"modified":"2026-01-30T21:18:53","modified_gmt":"2026-01-30T20:18:53","slug":"conditions-generales-dinscription","status":"publish","type":"page","link":"https:\/\/successsummit.eu\/fr\/conditions-generales-dinscription\/","title":{"rendered":"Conditions g\u00e9n\u00e9rales d&rsquo;inscription"},"content":{"rendered":"\n<h1 class=\"wp-block-heading\"><b>Conditions g\u00e9n\u00e9rales d&rsquo;inscription en ligne<\/b><\/h1>\n\n\n\n<figure class=\"wp-block-table\"><table><tbody><tr><td>Conditions g\u00e9n\u00e9rales d&rsquo;inscription en ligne<\/td><\/tr><tr><td>Les pr\u00e9sentes conditions g\u00e9n\u00e9rales de vente ont pour objet d&rsquo;informer les acheteurs des conditions applicables \u00e0 l&rsquo;achat de billets pour l&rsquo;\u00e9v\u00e9nement Success Summit.<\/td><\/tr><tr><td>En achetant un billet pour le Success Summit sur ce site, le client accepte ces conditions sans r\u00e9serve. De plus, ceux-ci pr\u00e9valent sur tout autre document ou r\u00e9clamation \u00e9mis par l&rsquo;acheteur.<\/td><\/tr><tr><td>Les droits et les devoirs de chaque partie dans ce processus sont \u00e9num\u00e9r\u00e9s ci-dessous.<\/td><\/tr><tr><td><\/td><\/tr><tr><td>OTG West Europe jouit d\u2019une exp\u00e9rience de gestion r\u00e9ussie de conf\u00e9rences et d\u2019\u00e9v\u00e9nements de 50 \u00e0 plus de 2500+ participants, en Europe de l\u2019Ouest et \u00e0 l\u2019international.<br>Fond\u00e9 par des leaders riches de 15 ann\u00e9es d\u2019exp\u00e9rience dans le business, OTG West Europe organise des \u00e9v\u00e9nements en couvrant une multitude d\u2019aspects et construit de solides fondations pour des \u00e9v\u00e9nements r\u00e9ussis et agr\u00e9ables<\/td><\/tr><tr><td>Le Sommet du Succ\u00e8s est organis\u00e9 par l\u2019Association OTG West Europe, association \u00e0 but non lucratif de loi 1\/2002.<\/td><\/tr><tr><td>L&rsquo;Association OTG West europe se r\u00e9serve les droits, \u00e0 sa seule discr\u00e9tion, de limiter ou de nier l\u2019acc\u00e8s \u00e0 n\u2019importe quel individu ou entit\u00e9. Afin d\u2019\u00eatre \u00e9ligible pour participer, vous devez avoir 18 ans ou plus.<\/td><\/tr><tr><td>Les \u00e9v\u00e9nements organis\u00e9s par l\u2019Association OTG West Europe sont r\u00e9serv\u00e9s \u00e0 ses membres.<\/td><\/tr><tr><td>En r\u00e9alisant cet achat, vous devenez membre de l\u2019Association OTG West Europe.<\/td><\/tr><tr><td>Les inscriptions pourront \u00eatre rembours\u00e9es si l\u2019annulation est faite en accord avec la Politique de remboursement de l\u2019\u00e9v\u00e9nement d\u00e9crite ci-apr\u00e8s. Les annulations r\u00e9alis\u00e9es apr\u00e8s la date limite d\u2019annulation ou la non pr\u00e9sence ne seront pas rembours\u00e9es.<\/td><\/tr><tr><td>Les billets ne pourront \u00eatre c\u00e9d\u00e9s\/transf\u00e9r\u00e9s qu&rsquo;\u00e0 un autre distributeur Nu Skin sous la responsabilit\u00e9 exclusive de l&rsquo;acheteur. OTG ne prendra pas en charge les changements de billets et ne se tiendra pas responsable des changements r\u00e9alis\u00e9s.<\/td><\/tr><tr><td>En assistant \u00e0 l\u2019\u00e9v\u00e9nement, vous vous engagez \u00e0 respecter toutes les r\u00e8gles et r\u00e8glements d\u2019application g\u00e9n\u00e9rale r\u00e9gissant l\u2019\u00e9v\u00e9nement qui vous ont \u00e9t\u00e9 fournis ou qu\u2019OTG West Europe a port\u00e9 \u00e0 votre connaissance.<\/td><\/tr><tr><td>OTG West Europe utilise les donn\u00e9es personnelles fournies lors de l\u2019inscription afin de g\u00e9rer votre participation \u00e0 l\u2019\u00e9v\u00e9nement. \u00c0 cette fin, OTG West Europe pourrait divulguer vos donn\u00e9es personnelles \u00e0 des tiers (ex: entreprises de mailings ou tout autre fournisseur engag\u00e9 par OTG West Europe pour la bonne conduite de l\u2019\u00e9v\u00e9nement).<\/td><\/tr><tr><td>\u00c0 l\u2019exception de ce qui est d\u00e9crit ici, OTG West Europe ne divulgue pas vos donn\u00e9es personnelles \u00e0 d\u2019autres tierces parties sans votre consentement, sauf lorsque cela est requis par la loi.<\/td><\/tr><tr><td>OTG West Europe interdit l\u2019usage de cam\u00e9ras ou d\u2019appareils enregistreurs lors de toutes les sessions des \u00e9v\u00e9nements et des pr\u00e9sentations des intervenants. OTG West Europe engage des photographes et cameramen professionnels pour l\u2019enregistrement des images de l\u2019\u00e9v\u00e9nement en accord avec la protection des donn\u00e9es et les lois sur la protection de la vie priv\u00e9e. OTG West Europe pourrait \u00e9diter et utiliser ces images pour des activit\u00e9s administratives ou de promotion dans le cours normal de notre activit\u00e9. En assistant aux \u00e9v\u00e9nements, vous reconnaissez et acceptez que votre image puisse \u00eatre utilis\u00e9e par OTG West Europe et que d\u2019autres participants \u00e0 l\u2019\u00e9v\u00e9nement puissent capturer votre image en photo, vid\u00e9o ou formats streaming, ce que OTG West Europe ne peut pas contr\u00f4ler et ce pour quoi OTG West Europe d\u00e9cline toute responsabilit\u00e9.<\/td><\/tr><tr><td>Lors de l\u2019\u00e9v\u00e9nement, vous pouvez recevoir un acc\u00e8s au contenu sous licence d\u2019OTG et de Nu skin (\u201cMat\u00e9riel de pr\u00e9sentation\u201d). OTG N\u2019est pas responsable de l\u2019information contenue dans le mat\u00e9riel de pr\u00e9sentation. Vous pouvez les utiliser uniquement \u00e0 des fins internes et non commerciales. La distribution non autoris\u00e9e (par l&rsquo;interm\u00e9diaire de la vente, la copie, la publication sur intranet \/ internet) est express\u00e9ment interdite. Extraire ou citer est permis avec l&rsquo;approbation \u00e9crite pr\u00e9alable de OTG.<\/td><\/tr><tr><td>La soumission d&rsquo;une inscription en ligne constitue un enregistrement officiel et l&rsquo;intention d&rsquo;assister \u00e0 l&rsquo;\u00e9v\u00e9nement. Le paiement int\u00e9gral doit \u00eatre re\u00e7u avant la manifestation afin de pouvoir entrer.<\/td><\/tr><tr><td>CLAUSE D&rsquo;ANNULATION POUR FORCE MAJEURE : Cette clause r\u00e9git l&rsquo;annulation de l&rsquo;\u00e9v\u00e9nement dans des circonstances de force majeure qui pourraient emp\u00eacher sa tenue, telles que des inondations, des pluies, des ouragans, des tremblements de terre, des manifestations, des mouvements arm\u00e9s, des rassemblements ou tout type de d\u00e9sordre civil, annulation de vols, retard de transport, interruption d&rsquo;autoroutes ou faits ind\u00e9pendants de la volont\u00e9 des parties, pour des raisons \u00e9pid\u00e9miologiques, sanitaires ou de guerre.<\/td><\/tr><tr><td>Dans ce cas, si les participants ont d\u00e9j\u00e0 achet\u00e9 leur billet, celui-ci sera valide pour le prochain \u00e9v\u00e9nement.<\/td><\/tr><tr><td>L\u2019achat de votre billet \u00e0 cet \u00e9v\u00e9nement OTG West Europe constitue votre reconnaissance et votre acceptation de ces conditions g\u00e9n\u00e9rales de vente.<\/td><\/tr><\/tbody><\/table><\/figure>\n\n\n\n<h2 class=\"wp-block-heading has-text-align-center mb-4\">Plan de paiement de d\u00e9cembre \u2013 Offre limit\u00e9e<\/h2>\n\n\n\n<div class=\"wp-block-columns is-layout-flex wp-container-core-columns-is-layout-9d6595d7 wp-block-columns-is-layout-flex\">\n<div class=\"wp-block-column p-4 has-background is-layout-flow wp-block-column-is-layout-flow\" style=\"background-color:#f4f4f4\">\n<h4 class=\"wp-block-heading\"><\/h4>\n\n\n\n<figure class=\"wp-block-table\"><table><tbody><tr><td>Jusqu\u2019au 15 f\u00e9vrier 2026, vous pouvez garantir votre billet pour le Success Summit Marbella 2026 en payant 50 % du prix total du billet.<br><br>Les 50 % restants devront \u00eatre r\u00e9gl\u00e9s avant le 15 mars 2026.<br><br>Si le second paiement n\u2019est pas effectu\u00e9 avant cette date, le billet sera annul\u00e9 et le paiement initial ne sera pas rembours\u00e9.<br><br>Ce plan de paiement est soumis aux Conditions G\u00e9n\u00e9rales de l\u2019\u00e9v\u00e9nement et \u00e0 la Politique de Remboursement.<br><br>La condition de non-remboursement s\u2019applique exclusivement au paiement initial de 50 %. Tout montant suppl\u00e9mentaire vers\u00e9 reste soumis \u00e0 la Politique de Remboursement g\u00e9n\u00e9rale.<\/td><\/tr><\/tbody><\/table><\/figure>\n<\/div>\n<\/div>\n\n\n\n<h2 class=\"wp-block-heading has-text-align-center mb-4\">Politique de remboursement:<\/h2>\n\n\n\n<div class=\"wp-block-columns is-layout-flex wp-container-core-columns-is-layout-9d6595d7 wp-block-columns-is-layout-flex\">\n<div class=\"wp-block-column p-4 has-background is-layout-flow wp-block-column-is-layout-flow\" style=\"background-color:#f4f4f4\">\n<h4 class=\"wp-block-heading\"><strong>Pour l&rsquo;\u00e9v\u00e9nement de Marbella 2026<\/strong><\/h4>\n\n\n\n<figure class=\"wp-block-table\"><table><tbody><tr><td><br>Sur le montant total de chaque billet, 60 euros sont des frais non remboursables.<\/td><\/tr><tr><td>Cette somme couvre une partie des frais de gestion et d\u2019administration de la billetterie.<\/td><\/tr><tr><td>Les demandes de remboursement effectu\u00e9es apr\u00e8s le 1er f\u00e9vrier 2026 seront soumises \u00e0 des frais non remboursables de 100 euros.<\/td><\/tr><tr><td>Aucun remboursement ne sera accord\u00e9 apr\u00e8s le 1er mars 2026.<\/td><\/tr><tr><td>Pour le remboursement, veuillez contacter support@otg.global.<\/td><\/tr><\/tbody><\/table><\/figure>\n<\/div>\n<\/div>\n","protected":false},"excerpt":{"rendered":"<p>Conditions g\u00e9n\u00e9rales d&rsquo;inscription en ligne Conditions g\u00e9n\u00e9rales d&rsquo;inscription en ligne Les pr\u00e9sentes conditions g\u00e9n\u00e9rales de vente ont pour objet d&rsquo;informer les acheteurs des conditions applicables \u00e0 l&rsquo;achat de billets pour [&hellip;]<\/p>\n","protected":false},"author":1,"featured_media":0,"parent":0,"menu_order":0,"comment_status":"closed","ping_status":"closed","template":"","meta":{"_price":"","_stock":"","_tribe_ticket_header":"","_tribe_default_ticket_provider":"","_tribe_ticket_capacity":"0","_ticket_start_date":"","_ticket_end_date":"","_tribe_ticket_show_description":"","_tribe_ticket_show_not_going":false,"_tribe_ticket_use_global_stock":"","_tribe_ticket_global_stock_level":"","_global_stock_mode":"","_global_stock_cap":"","_tribe_rsvp_for_event":"","_tribe_ticket_going_count":"","_tribe_ticket_not_going_count":"","_tribe_tickets_list":"[]","_tribe_ticket_has_attendee_info_fields":false,"footnotes":"","_tec_slr_enabled":"","_tec_slr_layout":""},"class_list":["post-77","page","type-page","status-publish","hentry"],"ticketed":false,"_links":{"self":[{"href":"https:\/\/successsummit.eu\/fr\/wp-json\/wp\/v2\/pages\/77","targetHints":{"allow":["GET"]}}],"collection":[{"href":"https:\/\/successsummit.eu\/fr\/wp-json\/wp\/v2\/pages"}],"about":[{"href":"https:\/\/successsummit.eu\/fr\/wp-json\/wp\/v2\/types\/page"}],"author":[{"embeddable":true,"href":"https:\/\/successsummit.eu\/fr\/wp-json\/wp\/v2\/users\/1"}],"replies":[{"embeddable":true,"href":"https:\/\/successsummit.eu\/fr\/wp-json\/wp\/v2\/comments?post=77"}],"version-history":[{"count":13,"href":"https:\/\/successsummit.eu\/fr\/wp-json\/wp\/v2\/pages\/77\/revisions"}],"predecessor-version":[{"id":17555,"href":"https:\/\/successsummit.eu\/fr\/wp-json\/wp\/v2\/pages\/77\/revisions\/17555"}],"wp:attachment":[{"href":"https:\/\/successsummit.eu\/fr\/wp-json\/wp\/v2\/media?parent=77"}],"curies":[{"name":"wp","href":"https:\/\/api.w.org\/{rel}","templated":true}]}}