{"id":79,"date":"2022-10-06T20:13:40","date_gmt":"2022-10-06T18:13:40","guid":{"rendered":"http:\/\/52.51.82.138\/condiciones-legales\/"},"modified":"2026-01-30T21:17:39","modified_gmt":"2026-01-30T20:17:39","slug":"condiciones-legales","status":"publish","type":"page","link":"https:\/\/successsummit.eu\/es\/condiciones-legales\/","title":{"rendered":"Condiciones Legales"},"content":{"rendered":"\n<h1 class=\"wp-block-heading\"><b>Registro en l\u00ednea T\u00e9rminos y Condiciones<\/b><\/h1>\n\n\n\n<figure class=\"wp-block-table\"><table><tbody><tr><td>Registro en l\u00ednea T\u00e9rminos y Condiciones<\/td><\/tr><tr><td>Estos t\u00e9rminos y condiciones generales de venta tienen por objeto informar a los compradores sobre las condiciones aplicables a la compra de las entradas al evento Success Summit.<\/td><\/tr><tr><td>Al comprar una entrada a Success Summit en este sitio web, el cliente acepta sin reserva estas condiciones. Adem\u00e1s, \u00e9stas prevalecen sobre cualquier otro documento o queja emitida por el comprador.<\/td><\/tr><tr><td>A continuaci\u00f3n, se enumeran los derechos y deberes de cada uno en este proceso.<\/td><\/tr><tr><td><\/td><\/tr><tr><td>OTG West Europe tiene una historia en la exitosa gesti\u00f3n de conferencias y eventos que van desde 50 a m\u00e1s de 2.500 participantes, a lo largo del oeste de Europa como a nivel internacional. Fundada por l\u00edderes con m\u00e1s de 15 a\u00f1os de experiencia en el negocio, OTG West Europe es una asociaci\u00f3n sin \u00e1nimo de lucro que, entre sus m\u00faltiples actividades, OTG West Europe construye bases s\u00f3lidas para eventos exitosos y agradables.<\/td><\/tr><tr><td>Success Summit est\u00e1 organizado por la Asociaci\u00f3n de OTG West Europe, una asociaci\u00f3n sin fines de lucro por la ley 1\/2002<\/td><\/tr><tr><td>La Asociaci\u00f3n OTG West Europe se reserva el derecho, a su sola discreci\u00f3n, de limitar o negar el acceso a cualquier entidad o persona. Para ser elegible para participar, debes tener 18 a\u00f1os o m\u00e1s.<\/td><\/tr><tr><td>Todos los Eventos organizados por la Asociaci\u00f3n OTG West Europe son para sus miembros.<\/td><\/tr><tr><td>Realizando esta compra usted se convierte en miembro de la Asociaci\u00f3n OTG West Europe.<\/td><\/tr><tr><td>Las entradas se podr\u00e1n reembolsar si la cancelaci\u00f3n se solicita en las condiciones se\u00f1aladas en la pol\u00edtica de cancelaci\u00f3n y reembolso descrita a continuaci\u00f3n.<\/td><\/tr><tr><td>Las entradas al evento podr\u00e1n ser cedidas\/transferidas \u00fanicamente a otro distribuidor de Nu Skin bajo exclusiva responsabilidad del comprador. OTG no gestionar\u00e1 los cambios de entradas ni se responsabilizar\u00e1 de los cambios realizados.<\/td><\/tr><tr><td>Al asistir al evento, usted se compromete a cumplir con todas las normas y reglamentos de aplicaci\u00f3n general que rigen el Evento que se han proporcionado o se han dado a conocer a usted por OTG West Europe.<\/td><\/tr><tr><td>OTG West Europe utiliza los datos personales que nos facilite en este registro con el fin de administrar su participaci\u00f3n en este evento. Con este fin, OTG West Europe podr\u00e1 revelar sus datos personales a terceros, tales como proveedores de servicios (por ejemplo, empresas de correo electr\u00f3nico y cualquier otro proveedor contratado por OTG West Europe para ayudar en la realizaci\u00f3n del evento).<\/td><\/tr><tr><td>Exceptuando lo descrito en este documento, OTG West Europe no revelar\u00e1 sus datos personales a ning\u00fan otro tercero, sin su consentimiento, excepto cuando as\u00ed lo requiera la ley.<\/td><\/tr><tr><td>OTG West Europe proh\u00edbe el uso de c\u00e1maras y dispositivos de grabaci\u00f3n m\u00f3vil en todas las sesiones de eventos y presentaciones de los conferencistas. OTG West Europe contrata fot\u00f3grafos profesionales \/ camar\u00f3grafos para capturar im\u00e1genes del evento en cumplimiento de las leyes de protecci\u00f3n de datos y privacidad. OTG West Europe puede editar y utilizar estas im\u00e1genes para las actividades de administraci\u00f3n y promoci\u00f3n en el curso normal de nuestro negocio. Al asistir al evento, usted reconoce y acepta que su imagen puede ser utilizada por OTG West Europe; y otros asistentes al evento pueden capturar su imagen, en los formatos de fotos, de v\u00eddeo o de streaming, que OTG West Europe no puede controlar y para el cual OTG West Europe declina toda responsabilidad.<\/td><\/tr><tr><td>Durante el evento, usted podr\u00e1 recibir acceso a contenidos bajo licencia de OTG y Nu Skin (\u00abPresentaci\u00f3n de Materiales\u00bb). OTG no se hace responsable de la informaci\u00f3n en los materiales de la presentaci\u00f3n. Usted puede utilizarlos \u00fanicamente para sus propios fines internos, no comerciales. La distribuci\u00f3n no autorizada (a trav\u00e9s de las ventas, la copia, publicaci\u00f3n en la intranet \/ internet) est\u00e1 expresamente prohibida. Se permiten extractos o citas con la aprobaci\u00f3n previa por escrito de OTG.<\/td><\/tr><tr><td>El registro en l\u00ednea constituye un registro oficial y la intenci\u00f3n de asistir al evento. El pago total debe ser recibido antes del evento con el fin de poder entrar.<\/td><\/tr><tr><td>CL\u00c1USULA DE CANCELACI\u00d3N POR FUERZA MAYOR: Esta cl\u00e1usula regula la cancelaci\u00f3n del Evento ante circunstancias de fuerza mayor que impidieran su celebraci\u00f3n tales como inundaciones, lluvias, huracanes, temblores, manifestaciones, movimientos armados, m\u00edtines o cualquier tipo de desorden civil, cancelaci\u00f3n de vuelos, retraso en el medio de transporte, interrupci\u00f3n de carreteras o actos ajenos a las partes, o epidemiol\u00f3gicas, sanitarias o de guerra.<\/td><\/tr><tr><td>En tal caso, si los asistentes ya hubieran comprado una entrada, la misma ser\u00e1 v\u00e1lida para el pr\u00f3ximo evento.<\/td><\/tr><tr><td>La compra de la entrada a este Evento de OTG West Europe, constituye su reconocimiento y aceptaci\u00f3n de estos t\u00e9rminos y condiciones.<\/td><\/tr><\/tbody><\/table><\/figure>\n\n\n\n<h2 class=\"wp-block-heading has-text-align-center mb-4\">Plan de pago de diciembre \u2013 Oferta limitada<\/h2>\n\n\n\n<div class=\"wp-block-columns is-layout-flex wp-container-core-columns-is-layout-9d6595d7 wp-block-columns-is-layout-flex\">\n<div class=\"wp-block-column p-4 has-background is-layout-flow wp-block-column-is-layout-flow\" style=\"background-color:#f4f4f4\">\n<h4 class=\"wp-block-heading\"><\/h4>\n\n\n\n<figure class=\"wp-block-table\"><table><tbody><tr><td>Hasta el 15 de febrero de 2026, puedes asegurar tu entrada para Success Summit Marbella 2026 pagando el 50% del precio total del ticket.<br><br>El 50% restante deber\u00e1 abonarse antes del 15 de marzo de 2026.<br><br>Si el segundo pago no se completa antes de esta fecha, el ticket ser\u00e1 cancelado y el pago inicial no ser\u00e1 reembolsado.<br><br>Este plan de pago est\u00e1 sujeto a los T\u00e9rminos y Condiciones Generales del evento y a la Pol\u00edtica de Reembolsos.<br><br>La condici\u00f3n de no reembolso se aplica exclusivamente al pago inicial del 50%. Cualquier importe adicional abonado queda sujeto a la Pol\u00edtica de Reembolsos general.<\/td><\/tr><\/tbody><\/table><\/figure>\n<\/div>\n<\/div>\n\n\n\n<h2 class=\"wp-block-heading has-text-align-center mb-4\">Pol\u00edtica de reembolso<\/h2>\n\n\n\n<div class=\"wp-block-columns is-layout-flex wp-container-core-columns-is-layout-9d6595d7 wp-block-columns-is-layout-flex\">\n<div class=\"wp-block-column p-4 has-background is-layout-flow wp-block-column-is-layout-flow\" style=\"background-color:#f4f4f4\">\n<h4 class=\"wp-block-heading\"><strong>Para el evento de Marbella 2026<\/strong><\/h4>\n\n\n\n<figure class=\"wp-block-table\"><table><tbody><tr><td><br>Por cada ticket pagado al completo, 60 euros del importe total no son reembolsables por formar parte de los costos de gesti\u00f3n y administraci\u00f3n de los mismos.<\/td><\/tr><tr><td>Los reembolsos normalmente son procesados en menos de 30 d\u00edas.<\/td><\/tr><tr><td>Las solicitudes de reembolso recibidas despu\u00e9s del 1 de febrero de 2026 tendr\u00e1n una tarifa no reembolsable de 100 euros.<\/td><\/tr><tr><td>No se considerar\u00e1 ning\u00fan reembolso despu\u00e9s del 1 de marzo de 2026.<\/td><\/tr><tr><td>Por reembolsos contactar a support@otg.global<\/td><\/tr><\/tbody><\/table><\/figure>\n<\/div>\n<\/div>\n","protected":false},"excerpt":{"rendered":"<p>Registro en l\u00ednea T\u00e9rminos y Condiciones Registro en l\u00ednea T\u00e9rminos y Condiciones Estos t\u00e9rminos y condiciones generales de venta tienen por objeto informar a los compradores sobre las condiciones aplicables [&hellip;]<\/p>\n","protected":false},"author":1,"featured_media":0,"parent":0,"menu_order":0,"comment_status":"closed","ping_status":"closed","template":"","meta":{"_price":"","_stock":"","_tribe_ticket_header":"","_tribe_default_ticket_provider":"","_tribe_ticket_capacity":"0","_ticket_start_date":"","_ticket_end_date":"","_tribe_ticket_show_description":"","_tribe_ticket_show_not_going":false,"_tribe_ticket_use_global_stock":"","_tribe_ticket_global_stock_level":"","_global_stock_mode":"","_global_stock_cap":"","_tribe_rsvp_for_event":"","_tribe_ticket_going_count":"","_tribe_ticket_not_going_count":"","_tribe_tickets_list":"[]","_tribe_ticket_has_attendee_info_fields":false,"footnotes":"","_tec_slr_enabled":"","_tec_slr_layout":""},"class_list":["post-79","page","type-page","status-publish","hentry"],"ticketed":false,"_links":{"self":[{"href":"https:\/\/successsummit.eu\/es\/wp-json\/wp\/v2\/pages\/79","targetHints":{"allow":["GET"]}}],"collection":[{"href":"https:\/\/successsummit.eu\/es\/wp-json\/wp\/v2\/pages"}],"about":[{"href":"https:\/\/successsummit.eu\/es\/wp-json\/wp\/v2\/types\/page"}],"author":[{"embeddable":true,"href":"https:\/\/successsummit.eu\/es\/wp-json\/wp\/v2\/users\/1"}],"replies":[{"embeddable":true,"href":"https:\/\/successsummit.eu\/es\/wp-json\/wp\/v2\/comments?post=79"}],"version-history":[{"count":20,"href":"https:\/\/successsummit.eu\/es\/wp-json\/wp\/v2\/pages\/79\/revisions"}],"predecessor-version":[{"id":17554,"href":"https:\/\/successsummit.eu\/es\/wp-json\/wp\/v2\/pages\/79\/revisions\/17554"}],"wp:attachment":[{"href":"https:\/\/successsummit.eu\/es\/wp-json\/wp\/v2\/media?parent=79"}],"curies":[{"name":"wp","href":"https:\/\/api.w.org\/{rel}","templated":true}]}}